{"id":5,"date":"2020-11-12T17:23:36","date_gmt":"2020-11-12T17:23:36","guid":{"rendered":"https:\/\/horizont880130258.wordpress.com\/?page_id=2"},"modified":"2024-03-07T13:32:13","modified_gmt":"2024-03-07T13:32:13","slug":"home","status":"publish","type":"page","link":"https:\/\/horizont-trening.hu\/en\/","title":{"rendered":"Home"},"content":{"rendered":"\n<div class=\"wp-block-group alignfull\"><div class=\"wp-block-group__inner-container is-layout-flow wp-block-group-is-layout-flow\">\n<p class=\"has-text-align-left\" style=\"font-size:24px\">23 years. It is a long time for a company to live good times and bad times. Inevitably gets into contact with every significant companies and organizations; colouring economy in Hungary and internationally.<\/p>\n\n\n\n<p class=\"has-text-align-left\" style=\"font-size:22px\">Continuous development and learning give only frame and set direction to profuse experience to make experiential learning vivid and efficient.<\/p>\n\n\n\n<div class=\"is-content-justification-center wp-block-buttons is-layout-flex wp-block-buttons-is-layout-flex\">\n<div class=\"is-style-fill custom-button-horizont wp-block-button\"><a class=\"wp-block-button__link wp-element-button\" href=\"#contact\">CONTACTS<\/a><\/div>\n<\/div>\n\n\n\n<div style=\"height:32px\" aria-hidden=\"true\" class=\"wp-block-spacer\"><\/div>\n<\/div><\/div>\n\n\n\n<p class=\"has-text-align-center\" style=\"font-size:30px\"><strong>Csaba <strong>Viola<\/strong><\/strong><\/p>\n\n\n\n<div class=\"wp-block-media-text alignwide is-stacked-on-mobile\"><figure class=\"wp-block-media-text__media\"><img data-recalc-dims=\"1\" loading=\"lazy\" decoding=\"async\" width=\"700\" height=\"467\" src=\"https:\/\/i0.wp.com\/horizont-trening.hu\/wp-content\/uploads\/2021\/02\/cv_01.jpg?resize=700%2C467&#038;ssl=1\" alt=\"\" class=\"wp-image-525 size-full\" srcset=\"https:\/\/i0.wp.com\/horizont-trening.hu\/wp-content\/uploads\/2021\/02\/cv_01.jpg?resize=1024%2C683&amp;ssl=1 1024w, https:\/\/i0.wp.com\/horizont-trening.hu\/wp-content\/uploads\/2021\/02\/cv_01.jpg?resize=300%2C200&amp;ssl=1 300w, https:\/\/i0.wp.com\/horizont-trening.hu\/wp-content\/uploads\/2021\/02\/cv_01.jpg?resize=768%2C512&amp;ssl=1 768w, https:\/\/i0.wp.com\/horizont-trening.hu\/wp-content\/uploads\/2021\/02\/cv_01.jpg?resize=1536%2C1025&amp;ssl=1 1536w, https:\/\/i0.wp.com\/horizont-trening.hu\/wp-content\/uploads\/2021\/02\/cv_01.jpg?resize=2048%2C1367&amp;ssl=1 2048w, https:\/\/i0.wp.com\/horizont-trening.hu\/wp-content\/uploads\/2021\/02\/cv_01.jpg?w=1400&amp;ssl=1 1400w, https:\/\/i0.wp.com\/horizont-trening.hu\/wp-content\/uploads\/2021\/02\/cv_01.jpg?w=2100&amp;ssl=1 2100w\" sizes=\"auto, (max-width: 700px) 100vw, 700px\" \/><\/figure><div class=\"wp-block-media-text__content\">\n<p class=\"has-text-align-left\" style=\"font-size:22px\">I deal with soft skill development since 1998.&nbsp;<\/p>\n\n\n\n<p class=\"has-text-align-left\" style=\"font-size:22px\">area of interest: \u00c9rdekl\u0151d\u00e9si ter\u00fcletem: Hum\u00e1n etol\u00f3gia, tapasztalati tanul\u00e1s, kreat\u00edv probl\u00e9mamegold\u00e1s, a tanul\u00e1s hat\u00e9konys\u00e1g\u00e1t befoly\u00e1sol\u00f3 t\u00e9nyez\u0151k, a szem\u00e9lyes kapcsolatok hat\u00e1sa a csoportos teljes\u00edtm\u00e9nyre.<\/p>\n\n\n\n<p class=\"has-text-align-left\" style=\"font-size:22px\">Sportolok, outdoor-tr\u00e9neri tev\u00e9kenys\u00e9gemen t\u00fal is szorosan k\u00f6t\u0151d\u00f6k a term\u00e9szethez.<\/p>\n<\/div><\/div>\n\n\n\n<div style=\"height:100px\" aria-hidden=\"true\" class=\"wp-block-spacer\"><\/div>\n\n\n\n<div class=\"wp-block-columns is-layout-flex wp-container-core-columns-is-layout-9d6595d7 wp-block-columns-is-layout-flex\">\n<div class=\"wp-block-column is-layout-flow wp-block-column-is-layout-flow\">\n<p class=\"\" style=\"font-size:22px\"><em>\u201eNagyon fontosnak tartom, hogy mindink\u00e1bb tiszt\u00e1ban legy\u00fcnk l\u00e9ny\u00fcnk \u00f6szt\u00f6n\u00f6s, \u0151si m\u00e9lys\u00e9g\u00e9vel, amely nem rossz vagy j\u00f3, de megmagyar\u00e1zhatatlan er\u0151vel tasz\u00edt benn\u00fcnket valamerre.\u201d&nbsp;<\/em><\/p>\n<\/div>\n<\/div>\n\n\n\n<div class=\"is-content-justification-center wp-block-buttons is-layout-flex wp-block-buttons-is-layout-flex\">\n<div class=\"is-style-outline custom-button-horizont wp-block-button is-style-outline--1\"><a class=\"wp-block-button__link wp-element-button\" href=\"https:\/\/horizont-trening.hu\/wp-content\/uploads\/2024\/03\/Csaba-Viola-CV-2024.pdf\">CV<\/a><\/div>\n<\/div>\n\n\n\n<hr class=\"is-style-wide wp-block-separator has-css-opacity\"\/>\n\n\n\n<div class=\"wp-block-columns alignwide are-vertically-aligned-top is-layout-flex wp-container-core-columns-is-layout-9d6595d7 wp-block-columns-is-layout-flex\">\n<div class=\"wp-block-column is-vertically-aligned-top is-layout-flow wp-block-column-is-layout-flow\" style=\"flex-basis:33.33%\">\n<h2 class=\"wp-block-heading has-vivid-red-color has-text-color\" style=\"font-size:22px\">Indoor\/outdoor training<\/h2>\n\n\n\n<hr class=\"is-style-wide wp-block-separator has-css-opacity\"\/>\n\n\n\n<p class=\"has-text-align-left\" style=\"font-size:22px\"><strong>Indoor training<\/strong><\/p>\n\n\n\n<p class=\"has-small-font-size has-text-align-left\" style=\"font-size:22px\">The chief aim of our programs is the development of indispensable leadership and business skills for new requirements.<br>Role-plays, situational games, individual-, small-and big group-work, short theoretical or summarizing presentations, didactic films, individual and team feedback, videoed debriefing.<\/p>\n\n\n\n<p class=\"has-text-align-left\" style=\"font-size:22px\"><strong>Outdoor training<\/strong><\/p>\n\n\n\n<p class=\"has-small-font-size has-text-align-left\" style=\"font-size:22px\">The base of our approach is the belief that Nature provides unique learning space. It helps to leave behind the everyday routine, the out of the ordinary situations demand the active exploitation of our mental and physical potentials on individual and group level. Interdependence \u201cnaturally\u201d builds team bounds in these exercises.<\/p>\n\n\n\n<p class=\"\"><\/p>\n<\/div>\n\n\n\n<div class=\"wp-block-column is-vertically-aligned-top is-layout-flow wp-block-column-is-layout-flow\" style=\"flex-basis:66.66%\">\n<figure class=\"wp-block-image size-large\"><img data-recalc-dims=\"1\" loading=\"lazy\" decoding=\"async\" width=\"700\" height=\"525\" src=\"https:\/\/i0.wp.com\/horizont-trening.hu\/wp-content\/uploads\/2021\/02\/outdoor_01.jpg?resize=700%2C525&#038;ssl=1\" alt=\"\" class=\"wp-image-514\" srcset=\"https:\/\/i0.wp.com\/horizont-trening.hu\/wp-content\/uploads\/2021\/02\/outdoor_01.jpg?w=1024&amp;ssl=1 1024w, https:\/\/i0.wp.com\/horizont-trening.hu\/wp-content\/uploads\/2021\/02\/outdoor_01.jpg?resize=300%2C225&amp;ssl=1 300w, https:\/\/i0.wp.com\/horizont-trening.hu\/wp-content\/uploads\/2021\/02\/outdoor_01.jpg?resize=768%2C576&amp;ssl=1 768w, https:\/\/i0.wp.com\/horizont-trening.hu\/wp-content\/uploads\/2021\/02\/outdoor_01.jpg?resize=700%2C525&amp;ssl=1 700w, https:\/\/i0.wp.com\/horizont-trening.hu\/wp-content\/uploads\/2021\/02\/outdoor_01.jpg?resize=533%2C400&amp;ssl=1 533w\" sizes=\"auto, (max-width: 700px) 100vw, 700px\" \/><\/figure>\n<\/div>\n<\/div>\n\n\n\n<div class=\"is-content-justification-center wp-block-buttons is-layout-flex wp-block-buttons-is-layout-flex\">\n<div class=\"is-style-outline custom-button-horizont wp-block-button is-style-outline--2\"><a class=\"wp-block-button__link has-vivid-red-color has-text-color wp-element-button\" href=\"https:\/\/horizont-trening.hu\/en\/indoor-outdoor-trening\/\">MORE<\/a><\/div>\n<\/div>\n\n\n\n<hr class=\"is-style-wide wp-block-separator has-css-opacity\"\/>\n\n\n\n<div class=\"wp-block-columns alignwide are-vertically-aligned-top is-layout-flex wp-container-core-columns-is-layout-9d6595d7 wp-block-columns-is-layout-flex\">\n<div class=\"wp-block-column is-vertically-aligned-top is-layout-flow wp-block-column-is-layout-flow\" style=\"flex-basis:33.33%\">\n<h2 class=\"wp-block-heading has-vivid-green-cyan-color has-text-color\" style=\"font-size:22px\">Teambuilding<\/h2>\n\n\n\n<hr class=\"is-style-wide wp-block-separator has-css-opacity\"\/>\n\n\n\n<p class=\"has-text-align-left\" style=\"font-size:22px\">Nature induces natural behaviour. Challenges are real, vivid, and there is always a stake in them. These make outdoor team building especially effective.&nbsp;Of course there are teams with features not fitting in outdoor frames. There\u2019s no point in forcing them. We can deliver memorable and effective indoor trainings, as well.<\/p>\n\n\n\n<p class=\"\"><\/p>\n<\/div>\n\n\n\n<div class=\"wp-block-column is-vertically-aligned-top is-layout-flow wp-block-column-is-layout-flow\" style=\"flex-basis:66.66%\">\n<figure class=\"wp-block-image size-large\"><img data-recalc-dims=\"1\" loading=\"lazy\" decoding=\"async\" width=\"700\" height=\"525\" src=\"https:\/\/i0.wp.com\/horizont-trening.hu\/wp-content\/uploads\/2021\/02\/outdoor_03.jpg?resize=700%2C525&#038;ssl=1\" alt=\"\" class=\"wp-image-548\" srcset=\"https:\/\/i0.wp.com\/horizont-trening.hu\/wp-content\/uploads\/2021\/02\/outdoor_03.jpg?resize=1024%2C768&amp;ssl=1 1024w, https:\/\/i0.wp.com\/horizont-trening.hu\/wp-content\/uploads\/2021\/02\/outdoor_03.jpg?resize=300%2C225&amp;ssl=1 300w, https:\/\/i0.wp.com\/horizont-trening.hu\/wp-content\/uploads\/2021\/02\/outdoor_03.jpg?resize=768%2C576&amp;ssl=1 768w, https:\/\/i0.wp.com\/horizont-trening.hu\/wp-content\/uploads\/2021\/02\/outdoor_03.jpg?resize=1536%2C1152&amp;ssl=1 1536w, https:\/\/i0.wp.com\/horizont-trening.hu\/wp-content\/uploads\/2021\/02\/outdoor_03.jpg?resize=700%2C525&amp;ssl=1 700w, https:\/\/i0.wp.com\/horizont-trening.hu\/wp-content\/uploads\/2021\/02\/outdoor_03.jpg?resize=533%2C400&amp;ssl=1 533w, https:\/\/i0.wp.com\/horizont-trening.hu\/wp-content\/uploads\/2021\/02\/outdoor_03.jpg?w=2000&amp;ssl=1 2000w, https:\/\/i0.wp.com\/horizont-trening.hu\/wp-content\/uploads\/2021\/02\/outdoor_03.jpg?w=1400&amp;ssl=1 1400w\" sizes=\"auto, (max-width: 700px) 100vw, 700px\" \/><\/figure>\n<\/div>\n<\/div>\n\n\n\n<div class=\"is-content-justification-center wp-block-buttons is-layout-flex wp-block-buttons-is-layout-flex\">\n<div class=\"is-style-outline custom-button-horizont wp-block-button is-style-outline--3\"><a class=\"wp-block-button__link has-vivid-green-cyan-color has-text-color wp-element-button\" href=\"https:\/\/horizont-trening.hu\/en\/csapatepites\/\">MORE<\/a><\/div>\n<\/div>\n\n\n\n<hr class=\"is-style-wide wp-block-separator has-css-opacity\"\/>\n\n\n\n<div class=\"wp-block-columns alignwide are-vertically-aligned-top is-layout-flex wp-container-core-columns-is-layout-9d6595d7 wp-block-columns-is-layout-flex\">\n<div class=\"wp-block-column is-vertically-aligned-top is-layout-flow wp-block-column-is-layout-flow\" style=\"flex-basis:33.33%\">\n<h2 class=\"wp-block-heading has-vivid-cyan-blue-color has-text-color\" style=\"font-size:22px\">Team adventure<\/h2>\n\n\n\n<hr class=\"is-style-wide wp-block-separator has-css-opacity\"\/>\n\n\n\n<p class=\"has-small-font-size has-text-align-left\" style=\"font-size:22px\">These programs put the emphasis on common experience in team building. The preparation, understanding the situation and the needs of the team \u2013 the professional standard is just as important as in the case of OD or training programs.<br>We see team adventure programs as new colors for collectives who intend to strengthen team spirit in a natural way.<\/p>\n\n\n\n<p class=\"\"><\/p>\n<\/div>\n\n\n\n<div class=\"wp-block-column is-vertically-aligned-top is-layout-flow wp-block-column-is-layout-flow\" style=\"flex-basis:66.66%\">\n<figure class=\"wp-block-image size-large\"><img data-recalc-dims=\"1\" loading=\"lazy\" decoding=\"async\" width=\"700\" height=\"525\" src=\"https:\/\/i0.wp.com\/horizont-trening.hu\/wp-content\/uploads\/2021\/02\/csapatkaland_05.jpg?resize=700%2C525&#038;ssl=1\" alt=\"\" class=\"wp-image-550\" srcset=\"https:\/\/i0.wp.com\/horizont-trening.hu\/wp-content\/uploads\/2021\/02\/csapatkaland_05.jpg?resize=1024%2C768&amp;ssl=1 1024w, https:\/\/i0.wp.com\/horizont-trening.hu\/wp-content\/uploads\/2021\/02\/csapatkaland_05.jpg?resize=300%2C225&amp;ssl=1 300w, https:\/\/i0.wp.com\/horizont-trening.hu\/wp-content\/uploads\/2021\/02\/csapatkaland_05.jpg?resize=768%2C576&amp;ssl=1 768w, https:\/\/i0.wp.com\/horizont-trening.hu\/wp-content\/uploads\/2021\/02\/csapatkaland_05.jpg?resize=1536%2C1152&amp;ssl=1 1536w, https:\/\/i0.wp.com\/horizont-trening.hu\/wp-content\/uploads\/2021\/02\/csapatkaland_05.jpg?resize=700%2C525&amp;ssl=1 700w, https:\/\/i0.wp.com\/horizont-trening.hu\/wp-content\/uploads\/2021\/02\/csapatkaland_05.jpg?resize=533%2C400&amp;ssl=1 533w, https:\/\/i0.wp.com\/horizont-trening.hu\/wp-content\/uploads\/2021\/02\/csapatkaland_05.jpg?w=2000&amp;ssl=1 2000w, https:\/\/i0.wp.com\/horizont-trening.hu\/wp-content\/uploads\/2021\/02\/csapatkaland_05.jpg?w=1400&amp;ssl=1 1400w\" sizes=\"auto, (max-width: 700px) 100vw, 700px\" \/><\/figure>\n<\/div>\n<\/div>\n\n\n\n<div class=\"is-content-justification-center wp-block-buttons is-layout-flex wp-block-buttons-is-layout-flex\">\n<div class=\"is-style-outline custom-button-horizont wp-block-button is-style-outline--4\"><a class=\"wp-block-button__link has-vivid-cyan-blue-color has-text-color wp-element-button\" href=\"https:\/\/horizont-trening.hu\/en\/csapatkaland\/\">MORE<\/a><\/div>\n<\/div>\n\n\n\n<hr class=\"is-style-wide wp-block-separator has-css-opacity\"\/>\n\n\n\n<div class=\"wp-block-columns alignwide are-vertically-aligned-top is-layout-flex wp-container-core-columns-is-layout-9d6595d7 wp-block-columns-is-layout-flex\">\n<div class=\"wp-block-column is-vertically-aligned-top is-layout-flow wp-block-column-is-layout-flow\" style=\"flex-basis:33.33%\">\n<h2 class=\"wp-block-heading has-luminous-vivid-amber-color has-text-color\" style=\"font-size:22px\">Organizational development<\/h2>\n\n\n\n<hr class=\"is-style-wide wp-block-separator has-css-opacity\"\/>\n\n\n\n<p class=\"has-small-font-size has-text-align-left\" style=\"font-size:22px\">We help companies to create strategy, develop the organization and succeed in cultural change. Our activity includes development-enhancement of fundamentally well-operating companies as well as overall changes -requiring completely new attitude.<\/p>\n\n\n\n<p class=\"\"><\/p>\n<\/div>\n\n\n\n<div class=\"wp-block-column is-vertically-aligned-top is-layout-flow wp-block-column-is-layout-flow\" style=\"flex-basis:66.66%\">\n<figure class=\"wp-block-image size-large\"><img data-recalc-dims=\"1\" loading=\"lazy\" decoding=\"async\" width=\"700\" height=\"467\" src=\"https:\/\/i0.wp.com\/horizont-trening.hu\/wp-content\/uploads\/2020\/11\/pexels-photo-1181355.jpeg?resize=700%2C467&#038;ssl=1\" alt=\"people sitting beside brown wooden desk near flat screen tv\" class=\"wp-image-551\" srcset=\"https:\/\/i0.wp.com\/horizont-trening.hu\/wp-content\/uploads\/2020\/11\/pexels-photo-1181355.jpeg?w=1880&amp;ssl=1 1880w, https:\/\/i0.wp.com\/horizont-trening.hu\/wp-content\/uploads\/2020\/11\/pexels-photo-1181355.jpeg?resize=300%2C200&amp;ssl=1 300w, https:\/\/i0.wp.com\/horizont-trening.hu\/wp-content\/uploads\/2020\/11\/pexels-photo-1181355.jpeg?resize=1024%2C684&amp;ssl=1 1024w, https:\/\/i0.wp.com\/horizont-trening.hu\/wp-content\/uploads\/2020\/11\/pexels-photo-1181355.jpeg?resize=768%2C513&amp;ssl=1 768w, https:\/\/i0.wp.com\/horizont-trening.hu\/wp-content\/uploads\/2020\/11\/pexels-photo-1181355.jpeg?resize=1536%2C1025&amp;ssl=1 1536w, https:\/\/i0.wp.com\/horizont-trening.hu\/wp-content\/uploads\/2020\/11\/pexels-photo-1181355.jpeg?resize=700%2C467&amp;ssl=1 700w, https:\/\/i0.wp.com\/horizont-trening.hu\/wp-content\/uploads\/2020\/11\/pexels-photo-1181355.jpeg?resize=900%2C600&amp;ssl=1 900w, https:\/\/i0.wp.com\/horizont-trening.hu\/wp-content\/uploads\/2020\/11\/pexels-photo-1181355.jpeg?resize=599%2C400&amp;ssl=1 599w, https:\/\/i0.wp.com\/horizont-trening.hu\/wp-content\/uploads\/2020\/11\/pexels-photo-1181355.jpeg?w=1400&amp;ssl=1 1400w\" sizes=\"auto, (max-width: 700px) 100vw, 700px\" \/><\/figure>\n<\/div>\n<\/div>\n\n\n\n<div class=\"is-content-justification-center wp-block-buttons is-layout-flex wp-block-buttons-is-layout-flex\">\n<div class=\"is-style-outline custom-button-horizont wp-block-button is-style-outline--5\"><a class=\"wp-block-button__link has-luminous-vivid-amber-color has-text-color wp-element-button\" href=\"https:\/\/horizont-trening.hu\/en\/szervezetfejlesztes\/\">MORE<\/a><\/div>\n<\/div>\n\n\n\n<hr class=\"is-style-wide wp-block-separator has-css-opacity\"\/>\n\n\n\n<div class=\"wp-block-columns alignwide are-vertically-aligned-top is-layout-flex wp-container-core-columns-is-layout-9d6595d7 wp-block-columns-is-layout-flex\">\n<div class=\"wp-block-column is-vertically-aligned-top is-layout-flow wp-block-column-is-layout-flow\" style=\"flex-basis:33.33%\">\n<h2 class=\"wp-block-heading has-pale-cyan-blue-color has-text-color\" style=\"font-size:22px\">coaching<\/h2>\n\n\n\n<hr class=\"is-style-wide wp-block-separator has-css-opacity\"\/>\n\n\n\n<p class=\"has-text-align-left\" style=\"font-size:22px\">Effectiveness!&nbsp;This is the central element of our approach. Supported by Solution Focused BRIEF method.&nbsp;<\/p>\n\n\n\n<p class=\"\"><\/p>\n<\/div>\n\n\n\n<div class=\"wp-block-column is-vertically-aligned-top is-layout-flow wp-block-column-is-layout-flow\" style=\"flex-basis:66.66%\">\n<figure class=\"wp-block-image size-large is-resized\"><img data-recalc-dims=\"1\" loading=\"lazy\" decoding=\"async\" width=\"700\" height=\"1050\" src=\"https:\/\/i0.wp.com\/horizont-trening.hu\/wp-content\/uploads\/2020\/11\/pexels-photo-3727511.jpeg?resize=700%2C1050&#038;ssl=1\" alt=\"woman pointing at whiteboard\" class=\"wp-image-552\" style=\"width:293px;height:439px\" srcset=\"https:\/\/i0.wp.com\/horizont-trening.hu\/wp-content\/uploads\/2020\/11\/pexels-photo-3727511.jpeg?w=867&amp;ssl=1 867w, https:\/\/i0.wp.com\/horizont-trening.hu\/wp-content\/uploads\/2020\/11\/pexels-photo-3727511.jpeg?resize=200%2C300&amp;ssl=1 200w, https:\/\/i0.wp.com\/horizont-trening.hu\/wp-content\/uploads\/2020\/11\/pexels-photo-3727511.jpeg?resize=683%2C1024&amp;ssl=1 683w, https:\/\/i0.wp.com\/horizont-trening.hu\/wp-content\/uploads\/2020\/11\/pexels-photo-3727511.jpeg?resize=768%2C1152&amp;ssl=1 768w, https:\/\/i0.wp.com\/horizont-trening.hu\/wp-content\/uploads\/2020\/11\/pexels-photo-3727511.jpeg?resize=700%2C1050&amp;ssl=1 700w, https:\/\/i0.wp.com\/horizont-trening.hu\/wp-content\/uploads\/2020\/11\/pexels-photo-3727511.jpeg?resize=267%2C400&amp;ssl=1 267w\" sizes=\"auto, (max-width: 700px) 100vw, 700px\" \/><\/figure>\n<\/div>\n<\/div>\n\n\n\n<div class=\"is-content-justification-center wp-block-buttons is-layout-flex wp-block-buttons-is-layout-flex\">\n<div class=\"is-style-outline custom-button-horizont wp-block-button is-style-outline--6\"><a class=\"wp-block-button__link has-pale-cyan-blue-color has-text-color wp-element-button\" href=\"https:\/\/horizont-trening.hu\/en\/coaching\/\">MORE<\/a><\/div>\n<\/div>\n\n\n\n<hr class=\"is-style-wide wp-block-separator has-css-opacity\"\/>\n\n\n\n<p class=\"has-text-align-center\" id=\"contact\" style=\"font-size:22px\"><strong>CONTACTS<\/strong><\/p>\n\n\n\n<div class=\"wp-block-columns alignwide is-layout-flex wp-container-core-columns-is-layout-9d6595d7 wp-block-columns-is-layout-flex\">\n<div class=\"wp-block-column is-layout-flow wp-block-column-is-layout-flow\" style=\"flex-basis:33.33%\">\n<p class=\"has-text-align-left\" style=\"font-size:22px\"><strong>Address:<\/strong><\/p>\n\n\n\n<p class=\"has-text-align-left\" style=\"font-size:22px\">Budapest, Reitter Ferenc st. 157, 1131<\/p>\n\n\n\n<p class=\"has-text-align-left\" style=\"font-size:22px\"><strong>Phone.:<\/strong><\/p>\n\n\n\n<p class=\"has-text-align-left\" style=\"font-size:22px\">+3613201991<\/p>\n\n\n\n<p class=\"has-text-align-left\" style=\"font-size:22px\"><strong>Email:<\/strong><\/p>\n\n\n\n<p class=\"has-text-align-left\" style=\"font-size:22px\">horizonttrening@gmail.com<\/p>\n<\/div>\n\n\n\n<div class=\"wp-block-column is-layout-flow wp-block-column-is-layout-flow\" style=\"flex-basis:66.66%\">\n<iframe src=\"https:\/\/www.google.com\/maps\/embed?pb=!1m18!1m12!1m3!1d2693.302654721146!2d19.090397415628246!3d47.5424379791805!2m3!1f0!2f0!3f0!3m2!1i1024!2i768!4f13.1!3m3!1m2!1s0x4741dbba7d861299%3A0x92313e3bd8fbed8f!2sBudapest%2C%20Reitter%20Ferenc%20u.%20157%2C%201131!5e0!3m2!1shu!2shu!4v1614513569517!5m2!1shu!2shu\" width=\"600\" height=\"450\" style=\"border:0;\" allowfullscreen=\"\" loading=\"lazy\"><\/iframe>\n<\/div>\n<\/div>\n\n\n\n<p class=\"\"><\/p>\n","protected":false},"excerpt":{"rendered":"<p>23 years. It is a long time for a company to live good times and bad times. Inevitably gets into contact with every significant companies and organizations; colouring economy in Hungary and internationally. Continuous development and learning give only frame and set direction to profuse experience to make experiential learning vivid and efficient. Csaba Viola &hellip; <a href=\"https:\/\/horizont-trening.hu\/en\/\" class=\"more-link\">Continue reading <span class=\"screen-reader-text\">Home<\/span> <span class=\"meta-nav\">&rarr;<\/span><\/a><\/p>\n","protected":false},"author":1,"featured_media":0,"parent":0,"menu_order":0,"comment_status":"closed","ping_status":"closed","template":"","meta":{"nf_dc_page":"","_monsterinsights_skip_tracking":false,"_monsterinsights_sitenote_active":false,"_monsterinsights_sitenote_note":"","_monsterinsights_sitenote_category":0,"footnotes":""},"class_list":["post-5","page","type-page","status-publish","hentry"],"translation":{"provider":"WPGlobus","version":"3.0.2","language":"en","enabled_languages":["hu","en"],"languages":{"hu":{"title":true,"content":true,"excerpt":false},"en":{"title":true,"content":true,"excerpt":false}}},"jetpack_sharing_enabled":false,"_links":{"self":[{"href":"https:\/\/horizont-trening.hu\/en\/wp-json\/wp\/v2\/pages\/5","targetHints":{"allow":["GET"]}}],"collection":[{"href":"https:\/\/horizont-trening.hu\/en\/wp-json\/wp\/v2\/pages"}],"about":[{"href":"https:\/\/horizont-trening.hu\/en\/wp-json\/wp\/v2\/types\/page"}],"author":[{"embeddable":true,"href":"https:\/\/horizont-trening.hu\/en\/wp-json\/wp\/v2\/users\/1"}],"replies":[{"embeddable":true,"href":"https:\/\/horizont-trening.hu\/en\/wp-json\/wp\/v2\/comments?post=5"}],"version-history":[{"count":5,"href":"https:\/\/horizont-trening.hu\/en\/wp-json\/wp\/v2\/pages\/5\/revisions"}],"predecessor-version":[{"id":826,"href":"https:\/\/horizont-trening.hu\/en\/wp-json\/wp\/v2\/pages\/5\/revisions\/826"}],"wp:attachment":[{"href":"https:\/\/horizont-trening.hu\/en\/wp-json\/wp\/v2\/media?parent=5"}],"curies":[{"name":"wp","href":"https:\/\/api.w.org\/{rel}","templated":true}]}}