{"id":364,"date":"2021-01-23T12:02:32","date_gmt":"2021-01-23T11:02:32","guid":{"rendered":"https:\/\/horizont880130258.wordpress.com\/?page_id=364"},"modified":"2021-04-11T09:24:15","modified_gmt":"2021-04-11T09:24:15","slug":"trophy","status":"publish","type":"page","link":"https:\/\/horizont-trening.hu\/en\/trophy\/","title":{"rendered":"Trophy"},"content":{"rendered":"\n<p>Category:<\/p>\n\n\n\n<p>energizing outdoor team building<\/p>\n\n\n\n<p>Planned duration: 1 day<\/p>\n\n\n\n<p>Maximal team size: 1000 persons<\/p>\n\n\n\n<p>Goals of program:<\/p>\n\n\n\n<ul class=\"wp-block-list\"><li>being together as a team<\/li><li>relaxation<\/li><li>being energized<\/li><li>common experience<\/li><li>to relax weekdays<\/li><\/ul>\n\n\n\n<p>Who to recommend:<\/p>\n\n\n\n<p>To teams who:<\/p>\n\n\n\n<ul class=\"wp-block-list\"><li>like challenges<\/li><li>like active relaxation<\/li><li>like common experience<\/li><li>get energized in physically not too extreme activities<\/li><\/ul>\n\n\n\n<p>There are a lot of fields of competition in this program, to win the cup. The first stage is bound to the forest, the second to water. Don\u2019t be surprised if you travel between two scenes by bike.<\/p>\n\n\n\n<div class=\"wp-block-image\"><figure class=\"aligncenter size-large is-resized\"><img data-recalc-dims=\"1\" decoding=\"async\" src=\"https:\/\/i0.wp.com\/horizont-trening.hu\/wp-content\/uploads\/2021\/03\/trophy_01-2.jpg?resize=700%2C525&#038;ssl=1\" alt=\"\" class=\"wp-image-623\" width=\"700\" height=\"525\" srcset=\"https:\/\/i0.wp.com\/horizont-trening.hu\/wp-content\/uploads\/2021\/03\/trophy_01-2.jpg?resize=1024%2C768&amp;ssl=1 1024w, https:\/\/i0.wp.com\/horizont-trening.hu\/wp-content\/uploads\/2021\/03\/trophy_01-2.jpg?resize=300%2C225&amp;ssl=1 300w, https:\/\/i0.wp.com\/horizont-trening.hu\/wp-content\/uploads\/2021\/03\/trophy_01-2.jpg?resize=768%2C576&amp;ssl=1 768w, https:\/\/i0.wp.com\/horizont-trening.hu\/wp-content\/uploads\/2021\/03\/trophy_01-2.jpg?resize=1536%2C1152&amp;ssl=1 1536w, https:\/\/i0.wp.com\/horizont-trening.hu\/wp-content\/uploads\/2021\/03\/trophy_01-2.jpg?resize=700%2C525&amp;ssl=1 700w, https:\/\/i0.wp.com\/horizont-trening.hu\/wp-content\/uploads\/2021\/03\/trophy_01-2.jpg?resize=533%2C400&amp;ssl=1 533w, https:\/\/i0.wp.com\/horizont-trening.hu\/wp-content\/uploads\/2021\/03\/trophy_01-2.jpg?w=2000&amp;ssl=1 2000w, https:\/\/i0.wp.com\/horizont-trening.hu\/wp-content\/uploads\/2021\/03\/trophy_01-2.jpg?w=1400&amp;ssl=1 1400w\" sizes=\"(max-width: 700px) 100vw, 700px\" \/><\/figure><\/div>\n\n\n\n<ul class=\"wp-block-list\"><li>Sziklam\u00e1sz\u00e1s: T\u00f6bb \u00fatvonalon, egym\u00e1st seg\u00edtve juthatnak fel a szirtre a csapattagok. A feladat siker\u00e9t messze nem a fizikum d\u00f6nti el.<\/li><li>R\u00f6vid gyakorlatok<strong>:<\/strong> Enn\u00e9l az \u00e1llom\u00e1sn\u00e1l a r\u00e9sztvev\u0151k kisebb \u00fcgyess\u00e9gi gyakorlatokat hajtanak v\u00e9gre.<\/li><li>Barlang m\u00e9ly\u00e9n<strong>:<\/strong> Van a csapatnak barlangi t\u00e9rk\u00e9pe, a megtal\u00e1land\u00f3 pontok jegyz\u00e9k\u00e9vel, de csak egy. Egy\u00fctt v\u00e1gnak neki a kutat\u00e1snak a rendelkez\u00e9sre \u00e1ll\u00f3 r\u00f6vid id\u0151ben, vagy lesznek olyanok, akik t\u00e9rk\u00e9p n\u00e9lk\u00fcl indulnak el?<\/li><li>\u00cdj\u00e1szat<strong> &#8211; <\/strong>Biztos nem veszett ki a visszacsap\u00f3 \u00edj kezel\u00e9s\u00e9nek k\u00e9pess\u00e9ge a r\u00e9gi lovasok t\u00e1voli lesz\u00e1rmazottaib\u00f3l. Az \u00e9les szemen t\u00fal taktikai \u00e9rz\u00e9kre is sz\u00fcks\u00e9g van a c\u00e9lpontok megv\u00e1laszt\u00e1s\u00e1hoz.<\/li><li>Katapult csata<strong> &#8211; <\/strong>Itt<strong> s<\/strong>zemt\u0151l szemben m\u00e9rk\u0151znek a csapatok. A szomsz\u00e9dv\u00e1rak t\u00fcz\u00e9rei min\u00e9l nagyobb lyukakat igyekeznek \u00fctni egym\u00e1s \u201esziklaszil\u00e1rd\u201d b\u00e1sty\u00e1iban.<\/li><\/ul>\n\n\n\n<div class=\"wp-block-image\"><figure class=\"aligncenter size-large is-resized\"><img data-recalc-dims=\"1\" decoding=\"async\" src=\"https:\/\/i0.wp.com\/horizont-trening.hu\/wp-content\/uploads\/2021\/03\/trophy_02-2.jpg?resize=700%2C525&#038;ssl=1\" alt=\"\" class=\"wp-image-625\" width=\"700\" height=\"525\" srcset=\"https:\/\/i0.wp.com\/horizont-trening.hu\/wp-content\/uploads\/2021\/03\/trophy_02-2.jpg?resize=1024%2C768&amp;ssl=1 1024w, https:\/\/i0.wp.com\/horizont-trening.hu\/wp-content\/uploads\/2021\/03\/trophy_02-2.jpg?resize=300%2C225&amp;ssl=1 300w, https:\/\/i0.wp.com\/horizont-trening.hu\/wp-content\/uploads\/2021\/03\/trophy_02-2.jpg?resize=768%2C576&amp;ssl=1 768w, https:\/\/i0.wp.com\/horizont-trening.hu\/wp-content\/uploads\/2021\/03\/trophy_02-2.jpg?resize=1536%2C1152&amp;ssl=1 1536w, https:\/\/i0.wp.com\/horizont-trening.hu\/wp-content\/uploads\/2021\/03\/trophy_02-2.jpg?resize=700%2C525&amp;ssl=1 700w, https:\/\/i0.wp.com\/horizont-trening.hu\/wp-content\/uploads\/2021\/03\/trophy_02-2.jpg?resize=533%2C400&amp;ssl=1 533w, https:\/\/i0.wp.com\/horizont-trening.hu\/wp-content\/uploads\/2021\/03\/trophy_02-2.jpg?w=2000&amp;ssl=1 2000w, https:\/\/i0.wp.com\/horizont-trening.hu\/wp-content\/uploads\/2021\/03\/trophy_02-2.jpg?w=1400&amp;ssl=1 1400w\" sizes=\"(max-width: 700px) 100vw, 700px\" \/><\/figure><\/div>\n\n\n\n<p><em><u>Eb\u00e9d<\/u><\/em><\/p>\n\n\n\n<p>A bogr\u00e1csguly\u00e1s st\u00edlszer\u0171 \u00e9tel ebben a programban.<\/p>\n\n\n\n<p>M\u00e1sodik Blokk:<\/p>\n\n\n\n<ul class=\"wp-block-list\"><li>Haj\u00f3z\u00e1si verseny: A csapatok egy v\u00edzi versenyen vesznek r\u00e9szt. Ennek els\u0151 fordul\u00f3j\u00e1ban a rendelkez\u00e9sre \u00e1ll\u00f3 er\u0151forr\u00e1sb\u00f3l (virtu\u00e1lis p\u00e9nz), a lehet\u0151 legolcs\u00f3bban kell kihozniuk egy haj\u00f3t. Megv\u00e1s\u00e1rolj\u00e1k a sz\u00fcks\u00e9ges felszerel\u00e9seket, \u00e9s elk\u00e9sz\u00edtik a haj\u00f3t. A k\u00f6vetkez\u0151 fordul\u00f3ban ezzel a haj\u00f3val fognak v\u00edzre sz\u00e1llni, \u00e9s versenyezni a t\u00f6bbi csapat egys\u00e9g\u00e9vel. \u00cdgy az\u00e9rt a takar\u00e9koskod\u00e1ssal is takar\u00e9koskodni kell\u2026<\/li><\/ul>\n\n\n\n<p>A Trophy \u00fagy \u00e9p\u00edtkezik, hogy az utols\u00f3 pillanatig v\u00e1ltozhat a v\u00e9gs\u0151 sorrend.<\/p>\n","protected":false},"excerpt":{"rendered":"<p>Category: energizing outdoor team building Planned duration: 1 day Maximal team size: 1000 persons Goals of program: being together as a team relaxation being energized common experience to relax weekdays Who to recommend: To teams who: like challenges like active relaxation like common experience get energized in physically not too extreme activities There are a &hellip; <a href=\"https:\/\/horizont-trening.hu\/en\/trophy\/\" class=\"more-link\">Continue reading <span class=\"screen-reader-text\">Trophy<\/span> <span class=\"meta-nav\">&rarr;<\/span><\/a><\/p>\n","protected":false},"author":1,"featured_media":0,"parent":0,"menu_order":0,"comment_status":"closed","ping_status":"closed","template":"","meta":{"nf_dc_page":"","_monsterinsights_skip_tracking":false,"_monsterinsights_sitenote_active":false,"_monsterinsights_sitenote_note":"","_monsterinsights_sitenote_category":0,"footnotes":""},"class_list":["post-364","page","type-page","status-publish","hentry"],"translation":{"provider":"WPGlobus","version":"3.0.2","language":"en","enabled_languages":["hu","en"],"languages":{"hu":{"title":true,"content":true,"excerpt":false},"en":{"title":true,"content":true,"excerpt":false}}},"jetpack_sharing_enabled":true,"_links":{"self":[{"href":"https:\/\/horizont-trening.hu\/en\/wp-json\/wp\/v2\/pages\/364","targetHints":{"allow":["GET"]}}],"collection":[{"href":"https:\/\/horizont-trening.hu\/en\/wp-json\/wp\/v2\/pages"}],"about":[{"href":"https:\/\/horizont-trening.hu\/en\/wp-json\/wp\/v2\/types\/page"}],"author":[{"embeddable":true,"href":"https:\/\/horizont-trening.hu\/en\/wp-json\/wp\/v2\/users\/1"}],"replies":[{"embeddable":true,"href":"https:\/\/horizont-trening.hu\/en\/wp-json\/wp\/v2\/comments?post=364"}],"version-history":[{"count":2,"href":"https:\/\/horizont-trening.hu\/en\/wp-json\/wp\/v2\/pages\/364\/revisions"}],"predecessor-version":[{"id":796,"href":"https:\/\/horizont-trening.hu\/en\/wp-json\/wp\/v2\/pages\/364\/revisions\/796"}],"wp:attachment":[{"href":"https:\/\/horizont-trening.hu\/en\/wp-json\/wp\/v2\/media?parent=364"}],"curies":[{"name":"wp","href":"https:\/\/api.w.org\/{rel}","templated":true}]}}