{"id":355,"date":"2021-01-23T11:54:33","date_gmt":"2021-01-23T10:54:33","guid":{"rendered":"https:\/\/horizont880130258.wordpress.com\/?page_id=355"},"modified":"2021-04-11T09:36:35","modified_gmt":"2021-04-11T09:36:35","slug":"vizi-kalandok-iv","status":"publish","type":"page","link":"https:\/\/horizont-trening.hu\/en\/vizi-kalandok-iv\/","title":{"rendered":"Aquatic adventures IV"},"content":{"rendered":"\n<p class=\"has-medium-font-size\"><strong>Kal\u00f3zsz\u00f6vets\u00e9gek vet\u00e9lked\u00e9se<\/strong><\/p>\n\n\n\n<p>N\u00e9v\/kateg\u00f3ria:<\/p>\n\n\n\n<p>oudtoor csapat\u00e9p\u00edt\u00e9s can do f\u00f3kusszal, extr\u00e9m elemekkel<\/p>\n\n\n\n<p>Tervezett programid\u0151: 1-2 nap<\/p>\n\n\n\n<p>Maxim\u00e1lis csoportl\u00e9tsz\u00e1m: 100 f\u0151<\/p>\n\n\n\n<p>A program c\u00e9lja:<\/p>\n\n\n\n<ul class=\"wp-block-list\"><li>\u00e9lm\u00e9ny,<\/li><li>kikapcsol\u00f3d\u00e1s,<\/li><li>&#8220;adrenalin l\u00f6ket&#8221;,<\/li><li>\u00fajjal, kih\u00edv\u00e1ssal tal\u00e1lkozni,<\/li><li>k\u00f6z\u00f6s \u00e9lm\u00e9ny,<\/li><li>kellemes kif\u00e1rad\u00e1s<\/li><li>saj\u00e1t hat\u00e1rok megtapasztal\u00e1sa<\/li><\/ul>\n\n\n\n<div class=\"wp-block-image\"><figure class=\"aligncenter size-large is-resized\"><img data-recalc-dims=\"1\" loading=\"lazy\" decoding=\"async\" src=\"https:\/\/i0.wp.com\/horizont-trening.hu\/wp-content\/uploads\/2021\/01\/pexels-photo-3660228.jpeg?resize=693%2C461&#038;ssl=1\" alt=\"black and white skull hanging decor\" class=\"wp-image-801\" width=\"693\" height=\"461\" srcset=\"https:\/\/i0.wp.com\/horizont-trening.hu\/wp-content\/uploads\/2021\/01\/pexels-photo-3660228.jpeg?w=1880&amp;ssl=1 1880w, https:\/\/i0.wp.com\/horizont-trening.hu\/wp-content\/uploads\/2021\/01\/pexels-photo-3660228.jpeg?resize=300%2C200&amp;ssl=1 300w, https:\/\/i0.wp.com\/horizont-trening.hu\/wp-content\/uploads\/2021\/01\/pexels-photo-3660228.jpeg?resize=1024%2C682&amp;ssl=1 1024w, https:\/\/i0.wp.com\/horizont-trening.hu\/wp-content\/uploads\/2021\/01\/pexels-photo-3660228.jpeg?resize=768%2C512&amp;ssl=1 768w, https:\/\/i0.wp.com\/horizont-trening.hu\/wp-content\/uploads\/2021\/01\/pexels-photo-3660228.jpeg?resize=1536%2C1024&amp;ssl=1 1536w, https:\/\/i0.wp.com\/horizont-trening.hu\/wp-content\/uploads\/2021\/01\/pexels-photo-3660228.jpeg?resize=700%2C467&amp;ssl=1 700w, https:\/\/i0.wp.com\/horizont-trening.hu\/wp-content\/uploads\/2021\/01\/pexels-photo-3660228.jpeg?resize=900%2C600&amp;ssl=1 900w, https:\/\/i0.wp.com\/horizont-trening.hu\/wp-content\/uploads\/2021\/01\/pexels-photo-3660228.jpeg?resize=600%2C400&amp;ssl=1 600w, https:\/\/i0.wp.com\/horizont-trening.hu\/wp-content\/uploads\/2021\/01\/pexels-photo-3660228.jpeg?w=1400&amp;ssl=1 1400w\" sizes=\"auto, (max-width: 693px) 100vw, 693px\" \/><\/figure><\/div>\n\n\n\n<p>Kiknek aj\u00e1nljuk:<\/p>\n\n\n\n<p>Olyan csoportoknak, akik<\/p>\n\n\n\n<ul class=\"wp-block-list\"><li>szeretik a kih\u00edv\u00e1sokat,<\/li><li>\u00e9lm\u00e9nyekkel gazdagon szeretn\u00e9nek kikapcsol\u00f3dni,<\/li><li>szeretik feszegetni saj\u00e1t hat\u00e1raikat<\/li><li>m\u00e9ly, k\u00f6z\u00f6s \u00e9lm\u00e9nyekre v\u00e1gynak,<\/li><li>izgalomra, kalandra, k\u00fcl\u00f6nleges \u00e9lm\u00e9nyre v\u00e1gynak,<\/li><li>kedvelik az olyan feladatokat, ahol az \u00fcgyess\u00e9g\u00e9 \u00e9s a b\u00e1tors\u00e1g\u00e9 a f\u0151szerep<\/li><li>kih\u00edv\u00e1st jelent\u0151, m\u00e9gis biztons\u00e1gos k\u00f6r\u00fclm\u00e9nyek k\u00f6z\u00f6tt szeretn\u00e9k t\u00fall\u00e9pni saj\u00e1t testi \u00e9s\/vagy lelki hat\u00e1raikat<\/li><\/ul>\n\n\n\n<p>A program sor\u00e1n a legelsz\u00e1ntabb kal\u00f3zsz\u00f6vets\u00e9gek vet\u00e9lkednek egym\u00e1ssal vitorl\u00e1t bontva a Balatonon, hogy megszerezz\u00e9k az els\u00fcllyedt kincset.<\/p>\n\n\n\n<p>Puszt\u00e1n a szelek, t\u00e9rk\u00e9pek, \u00e9s navig\u00e1ci\u00f3s eszk\u00f6z\u00f6k ismerete nem el\u00e9g a sikerhez, hiszen elker\u00fclhetetlen a tengeri \u00fctk\u00f6zet, amit egyetlen olyan kal\u00f3z sem \u00faszhat meg sz\u00e1razon, aki szereti a vizet.<\/p>\n","protected":false},"excerpt":{"rendered":"<p>Kal\u00f3zsz\u00f6vets\u00e9gek vet\u00e9lked\u00e9se N\u00e9v\/kateg\u00f3ria: oudtoor csapat\u00e9p\u00edt\u00e9s can do f\u00f3kusszal, extr\u00e9m elemekkel Tervezett programid\u0151: 1-2 nap Maxim\u00e1lis csoportl\u00e9tsz\u00e1m: 100 f\u0151 A program c\u00e9lja: \u00e9lm\u00e9ny, kikapcsol\u00f3d\u00e1s, &#8220;adrenalin l\u00f6ket&#8221;, \u00fajjal, kih\u00edv\u00e1ssal tal\u00e1lkozni, k\u00f6z\u00f6s \u00e9lm\u00e9ny, kellemes kif\u00e1rad\u00e1s saj\u00e1t hat\u00e1rok megtapasztal\u00e1sa Kiknek aj\u00e1nljuk: Olyan csoportoknak, akik szeretik a kih\u00edv\u00e1sokat, \u00e9lm\u00e9nyekkel gazdagon szeretn\u00e9nek kikapcsol\u00f3dni, szeretik feszegetni saj\u00e1t hat\u00e1raikat m\u00e9ly, k\u00f6z\u00f6s \u00e9lm\u00e9nyekre v\u00e1gynak, &hellip; <a href=\"https:\/\/horizont-trening.hu\/en\/vizi-kalandok-iv\/\" class=\"more-link\">Continue reading <span class=\"screen-reader-text\">Aquatic adventures IV<\/span> <span class=\"meta-nav\">&rarr;<\/span><\/a><\/p>\n","protected":false},"author":1,"featured_media":0,"parent":0,"menu_order":0,"comment_status":"closed","ping_status":"closed","template":"","meta":{"nf_dc_page":"","_monsterinsights_skip_tracking":false,"_monsterinsights_sitenote_active":false,"_monsterinsights_sitenote_note":"","_monsterinsights_sitenote_category":0,"footnotes":""},"class_list":["post-355","page","type-page","status-publish","hentry"],"translation":{"provider":"WPGlobus","version":"3.0.2","language":"en","enabled_languages":["hu","en"],"languages":{"hu":{"title":true,"content":true,"excerpt":false},"en":{"title":true,"content":true,"excerpt":false}}},"jetpack_sharing_enabled":true,"_links":{"self":[{"href":"https:\/\/horizont-trening.hu\/en\/wp-json\/wp\/v2\/pages\/355","targetHints":{"allow":["GET"]}}],"collection":[{"href":"https:\/\/horizont-trening.hu\/en\/wp-json\/wp\/v2\/pages"}],"about":[{"href":"https:\/\/horizont-trening.hu\/en\/wp-json\/wp\/v2\/types\/page"}],"author":[{"embeddable":true,"href":"https:\/\/horizont-trening.hu\/en\/wp-json\/wp\/v2\/users\/1"}],"replies":[{"embeddable":true,"href":"https:\/\/horizont-trening.hu\/en\/wp-json\/wp\/v2\/comments?post=355"}],"version-history":[{"count":2,"href":"https:\/\/horizont-trening.hu\/en\/wp-json\/wp\/v2\/pages\/355\/revisions"}],"predecessor-version":[{"id":803,"href":"https:\/\/horizont-trening.hu\/en\/wp-json\/wp\/v2\/pages\/355\/revisions\/803"}],"wp:attachment":[{"href":"https:\/\/horizont-trening.hu\/en\/wp-json\/wp\/v2\/media?parent=355"}],"curies":[{"name":"wp","href":"https:\/\/api.w.org\/{rel}","templated":true}]}}