{"id":341,"date":"2021-01-23T11:34:25","date_gmt":"2021-01-23T10:34:25","guid":{"rendered":"https:\/\/horizont880130258.wordpress.com\/?page_id=341"},"modified":"2021-03-29T15:15:13","modified_gmt":"2021-03-29T15:15:13","slug":"idoutazas-iv","status":"publish","type":"page","link":"https:\/\/horizont-trening.hu\/en\/idoutazas-iv\/","title":{"rendered":"Time travel IV."},"content":{"rendered":"\n<p class=\"has-medium-font-size\"><strong>Legend\u00e1k lovagjai<\/strong><\/p>\n\n\n\n<p>N\u00e9v\/kateg\u00f3ria:<\/p>\n\n\n\n<p>oudtoor csapat\u00e9p\u00edt\u00e9s can do f\u00f3kusszal, extr\u00e9m elemekkel<\/p>\n\n\n\n<p>Tervezett programid\u0151: 1-2 nap<\/p>\n\n\n\n<p>Maxim\u00e1lis csoportl\u00e9tsz\u00e1m: 1000 f\u0151<\/p>\n\n\n\n<p>A program c\u00e9lja:<\/p>\n\n\n\n<ul class=\"wp-block-list\"><li>\u00e9lm\u00e9ny,<\/li><li>kikapcsol\u00f3d\u00e1s,<\/li><li>&#8220;adrenalin l\u00f6ket&#8221;,<\/li><li>\u00fajjal, kih\u00edv\u00e1ssal tal\u00e1lkozni,<\/li><li>k\u00f6z\u00f6s \u00e9lm\u00e9ny,<\/li><li>kellemes kif\u00e1rad\u00e1s<\/li><li>saj\u00e1t hat\u00e1rok megtapasztal\u00e1sa<\/li><\/ul>\n\n\n\n<div class=\"wp-block-image\"><figure class=\"alignright size-large\"><img data-recalc-dims=\"1\" loading=\"lazy\" decoding=\"async\" width=\"700\" height=\"412\" src=\"https:\/\/i0.wp.com\/horizont-trening.hu\/wp-content\/uploads\/2021\/03\/tt_04.jpg?resize=700%2C412&#038;ssl=1\" alt=\"\" class=\"wp-image-595\" srcset=\"https:\/\/i0.wp.com\/horizont-trening.hu\/wp-content\/uploads\/2021\/03\/tt_04.jpg?w=800&amp;ssl=1 800w, https:\/\/i0.wp.com\/horizont-trening.hu\/wp-content\/uploads\/2021\/03\/tt_04.jpg?resize=300%2C177&amp;ssl=1 300w, https:\/\/i0.wp.com\/horizont-trening.hu\/wp-content\/uploads\/2021\/03\/tt_04.jpg?resize=768%2C452&amp;ssl=1 768w, https:\/\/i0.wp.com\/horizont-trening.hu\/wp-content\/uploads\/2021\/03\/tt_04.jpg?resize=700%2C412&amp;ssl=1 700w, https:\/\/i0.wp.com\/horizont-trening.hu\/wp-content\/uploads\/2021\/03\/tt_04.jpg?resize=679%2C400&amp;ssl=1 679w\" sizes=\"auto, (max-width: 700px) 100vw, 700px\" \/><\/figure><\/div>\n\n\n\n<p>Kiknek aj\u00e1nljuk:<\/p>\n\n\n\n<p>Olyan csoportoknak, akik<\/p>\n\n\n\n<ul class=\"wp-block-list\"><li>szeretik a kih\u00edv\u00e1sokat,<\/li><li>\u00e9lm\u00e9nyekkel gazdagon szeretn\u00e9nek kikapcsol\u00f3dni,<\/li><li>szeretik feszegetni saj\u00e1t hat\u00e1raikat<\/li><li>m\u00e9ly, k\u00f6z\u00f6s \u00e9lm\u00e9nyekre v\u00e1gynak,<\/li><li>izgalomra, kalandra, k\u00fcl\u00f6nleges \u00e9lm\u00e9nyre v\u00e1gynak,<\/li><li>kedvelik az olyan feladatokat, ahol az \u00fcgyess\u00e9g\u00e9 \u00e9s a b\u00e1tors\u00e1g\u00e9 a f\u0151szerep<\/li><li>kih\u00edv\u00e1st jelent\u0151, m\u00e9gis biztons\u00e1gos k\u00f6r\u00fclm\u00e9nyek k\u00f6z\u00f6tt szeretn\u00e9k t\u00fall\u00e9pni saj\u00e1t testi \u00e9s\/vagy lelki hat\u00e1raikat<\/li><\/ul>\n\n\n\n<p>Az egy\u00fctt t\u00f6lt\u00f6tt kalandos napokon a dali\u00e1s m\u00falt szellemis\u00e9ge lengi k\u00f6r\u00fcl a csapat v\u00e1r\u00e1t. A r\u00e9sztvev\u0151k egy-egy lovagrendbe t\u00f6m\u00f6r\u00fclve v\u00e1gnak neki a k\u00fcldet\u00e9snek.<\/p>\n\n\n\n<p>Visegr\u00e1d kiv\u00e1l\u00f3 helysz\u00ednt biztos\u00edt a programnak, ahova st\u00edlusosan \u201ederegly\u00e9n\u201d \u00e9rkezhet a csapat.<\/p>\n\n\n\n<p><em><u>A programb\u00f3l:<\/u><\/em><\/p>\n\n\n\n<p>Lovagrend megalakul\u00e1sa, bemutatkoz\u00e1s<\/p>\n\n\n\n<p>Kir\u00e1ly \u00e9s kir\u00e1lyn\u0151 megv\u00e1laszt\u00e1sa<\/p>\n\n\n\n<p>Credo &#8211; A dics\u0151 lovagrendek \u00f6sszesereglenek, hogy karjuk rettenthetetlen erej\u00e9t, sz\u00edv\u00fck oroszl\u00e1n-b\u00e1tors\u00e1g\u00e1t aj\u00e1nlj\u00e1k a kir\u00e1lyi p\u00e1rnak a nagy megm\u00e9rettet\u00e9s el\u0151tt. \u00c9kes sz\u00f3val m\u00e9ltatj\u00e1k a kir\u00e1ly nehezen sz\u00e1mba vehet\u0151 f\u00e9rfi\u00fai er\u00e9nyeit, valamint a kir\u00e1lyn\u00e9 le\u00edrhatatlan sz\u00e9ps\u00e9g\u00e9t \u00e9s megejt\u0151 ny\u00e1jass\u00e1g\u00e1t. Az uralkod\u00f3i p\u00e1r sz\u00edve repes, hallgatv\u00e1n a sok elsz\u00e1nt dali\u00e1t. A legfennk\u00f6ltebb sz\u00f3zatok hallat\u00e1n a kir\u00e1lyi p\u00e1r nem fukarkodik a kegyekkel, tov\u00e1bb t\u00e1pl\u00e1lv\u00e1n a h\u0151s\u00f6k lelkesed\u00e9s\u00e9t.<\/p>\n\n\n\n<p>Lovagi torna &#8211; Gy\u00fclekeznek m\u00e1r a rendek, f\u00e9nyes c\u00edmereken, legy\u0151zhetetlen fegyvereken csillan az elk\u00e9pedt Nap sug\u00e1ra, s\u00fcrg\u00f6l\u0151d\u0151 fegyvern\u00f6k\u00f6k ajzz\u00e1k az \u00edjakat, \u00e9les\u00edtik a harcib\u00e1rdokat, l\u00e1ndzs\u00e1kat a nagy megm\u00e9rettet\u00e9sre. Azt\u00e1n k\u00fcrt rikkant, \u00e9s a kir\u00e1lyi p\u00e1r legnagyobb gy\u00f6ny\u00f6r\u0171s\u00e9g\u00e9re a lovagrendek bizonys\u00e1g\u00e1t adj\u00e1k vit\u00e9zi mesters\u00e9g\u00fcknek: nyilaik hal\u00e1los pontoss\u00e1ggal s\u00fcv\u00edtenek a c\u00e9l k\u00f6zep\u00e9be, kopj\u00e1ik \u00e9les szem\u0171 sasok m\u00f3dj\u00e1ra sz\u00e1ntj\u00e1k a leveg\u0151eget, de megmutatj\u00e1k itt v\u00e1rfal-m\u00e1sz\u00f3 k\u00e9szs\u00e9g\u00fcket \u00e9s a szilaj harcim\u00e9neket is megregul\u00e1zz\u00e1k. Az uralkod\u00f3 kegy\u00e9be fogadja a torna gy\u0151zteseit, m\u00e9lt\u00f3s\u00e1gokat osztv\u00e1n&#8230;<\/p>\n\n\n\n<p>A nagy hadgyakorlat &#8211; V\u00f6r\u00f6sen virrad a haditorna napja, mikor a rendek f\u00farm\u00e1nyt, lelem\u00e9nyt, \u00e9s er\u0151t haszn\u00e1lva megszerzik az alkatr\u00e9szeket \u00e9s meg\u00e9p\u00edtik a hatalmas v\u00e1rront\u00f3 g\u00e9pezeteiket. Z\u00e1pork\u00e9nt hullanak a l\u00f6ved\u00e9kek, porlik a fal t\u00e1gulnak a r\u00e9sek, d\u00fcb\u00f6r\u00f6gve omlanak a b\u00e1sty\u00e1k. A lovagi had v\u00e9gs\u0151 bizony\u00edt\u00e9k\u00e1t adja h\u0151siess\u00e9g\u00e9nek.<\/p>\n\n\n\n<p>Dics\u0151 tetteik eml\u00e9ke \u00f6r\u00f6kre megmarad!<\/p>\n\n\n\n<p><\/p>\n","protected":false},"excerpt":{"rendered":"<p>Legend\u00e1k lovagjai N\u00e9v\/kateg\u00f3ria: oudtoor csapat\u00e9p\u00edt\u00e9s can do f\u00f3kusszal, extr\u00e9m elemekkel Tervezett programid\u0151: 1-2 nap Maxim\u00e1lis csoportl\u00e9tsz\u00e1m: 1000 f\u0151 A program c\u00e9lja: \u00e9lm\u00e9ny, kikapcsol\u00f3d\u00e1s, &#8220;adrenalin l\u00f6ket&#8221;, \u00fajjal, kih\u00edv\u00e1ssal tal\u00e1lkozni, k\u00f6z\u00f6s \u00e9lm\u00e9ny, kellemes kif\u00e1rad\u00e1s saj\u00e1t hat\u00e1rok megtapasztal\u00e1sa Kiknek aj\u00e1nljuk: Olyan csoportoknak, akik szeretik a kih\u00edv\u00e1sokat, \u00e9lm\u00e9nyekkel gazdagon szeretn\u00e9nek kikapcsol\u00f3dni, szeretik feszegetni saj\u00e1t hat\u00e1raikat m\u00e9ly, k\u00f6z\u00f6s \u00e9lm\u00e9nyekre v\u00e1gynak, &hellip; <a href=\"https:\/\/horizont-trening.hu\/en\/idoutazas-iv\/\" class=\"more-link\">Continue reading <span class=\"screen-reader-text\">Time travel IV.<\/span> <span class=\"meta-nav\">&rarr;<\/span><\/a><\/p>\n","protected":false},"author":1,"featured_media":0,"parent":0,"menu_order":0,"comment_status":"closed","ping_status":"closed","template":"","meta":{"nf_dc_page":"","_monsterinsights_skip_tracking":false,"_monsterinsights_sitenote_active":false,"_monsterinsights_sitenote_note":"","_monsterinsights_sitenote_category":0,"footnotes":""},"class_list":["post-341","page","type-page","status-publish","hentry"],"translation":{"provider":"WPGlobus","version":"3.0.2","language":"en","enabled_languages":["hu","en"],"languages":{"hu":{"title":true,"content":true,"excerpt":false},"en":{"title":true,"content":true,"excerpt":false}}},"jetpack_sharing_enabled":true,"_links":{"self":[{"href":"https:\/\/horizont-trening.hu\/en\/wp-json\/wp\/v2\/pages\/341","targetHints":{"allow":["GET"]}}],"collection":[{"href":"https:\/\/horizont-trening.hu\/en\/wp-json\/wp\/v2\/pages"}],"about":[{"href":"https:\/\/horizont-trening.hu\/en\/wp-json\/wp\/v2\/types\/page"}],"author":[{"embeddable":true,"href":"https:\/\/horizont-trening.hu\/en\/wp-json\/wp\/v2\/users\/1"}],"replies":[{"embeddable":true,"href":"https:\/\/horizont-trening.hu\/en\/wp-json\/wp\/v2\/comments?post=341"}],"version-history":[{"count":3,"href":"https:\/\/horizont-trening.hu\/en\/wp-json\/wp\/v2\/pages\/341\/revisions"}],"predecessor-version":[{"id":753,"href":"https:\/\/horizont-trening.hu\/en\/wp-json\/wp\/v2\/pages\/341\/revisions\/753"}],"wp:attachment":[{"href":"https:\/\/horizont-trening.hu\/en\/wp-json\/wp\/v2\/media?parent=341"}],"curies":[{"name":"wp","href":"https:\/\/api.w.org\/{rel}","templated":true}]}}